{"id":267,"date":"2020-03-01T23:19:54","date_gmt":"2020-03-01T22:19:54","guid":{"rendered":"https:\/\/www.oosenergy.com\/?page_id=267"},"modified":"2020-04-22T12:42:14","modified_gmt":"2020-04-22T11:42:14","slug":"ceos-message","status":"publish","type":"page","link":"https:\/\/www.oosenergy.com\/pt\/ceos-message\/","title":{"rendered":"Sobre"},"content":{"rendered":"<div data-elementor-type=\"wp-page\" data-elementor-id=\"267\" class=\"elementor elementor-267\">\n\t\t\t\t\t\t<section class=\"elementor-section elementor-top-section elementor-element elementor-element-78621255 elementor-section-height-min-height elementor-section-items-top elementor-section-boxed elementor-section-height-default\" data-id=\"78621255\" data-element_type=\"section\" data-e-type=\"section\" data-settings=\"{&quot;background_background&quot;:&quot;classic&quot;}\">\n\t\t\t\t\t\t<div class=\"elementor-container elementor-column-gap-default\">\n\t\t\t\t\t<div class=\"elementor-column elementor-col-100 elementor-top-column elementor-element elementor-element-e1673aa\" data-id=\"e1673aa\" data-element_type=\"column\" data-e-type=\"column\">\n\t\t\t<div class=\"elementor-widget-wrap\">\n\t\t\t\t\t\t\t<\/div>\n\t\t<\/div>\n\t\t\t\t\t<\/div>\n\t\t<\/section>\n\t\t\t\t<section class=\"elementor-section elementor-top-section elementor-element elementor-element-12ca96df elementor-section-content-top elementor-section-boxed elementor-section-height-default elementor-section-height-default\" data-id=\"12ca96df\" data-element_type=\"section\" data-e-type=\"section\">\n\t\t\t\t\t\t<div class=\"elementor-container elementor-column-gap-wider\">\n\t\t\t\t\t<div class=\"elementor-column elementor-col-50 elementor-top-column elementor-element elementor-element-bf61729\" data-id=\"bf61729\" data-element_type=\"column\" data-e-type=\"column\">\n\t\t\t<div class=\"elementor-widget-wrap elementor-element-populated\">\n\t\t\t\t\t\t<div class=\"elementor-element elementor-element-7e49c163 elementor-widget elementor-widget-image\" data-id=\"7e49c163\" data-element_type=\"widget\" data-e-type=\"widget\" data-widget_type=\"image.default\">\n\t\t\t\t<div class=\"elementor-widget-container\">\n\t\t\t\t\t\t\t\t\t\t\t\t\t\t\t<img fetchpriority=\"high\" decoding=\"async\" width=\"840\" height=\"560\" src=\"https:\/\/www.oosenergy.com\/wp-content\/uploads\/2020\/03\/OOS-International-Leon-Overdulve.jpg\" class=\"attachment-full size-full wp-image-281\" alt=\"\" srcset=\"https:\/\/www.oosenergy.com\/wp-content\/uploads\/2020\/03\/OOS-International-Leon-Overdulve.jpg 840w, https:\/\/www.oosenergy.com\/wp-content\/uploads\/2020\/03\/OOS-International-Leon-Overdulve-300x200.jpg 300w, https:\/\/www.oosenergy.com\/wp-content\/uploads\/2020\/03\/OOS-International-Leon-Overdulve-768x512.jpg 768w\" sizes=\"(max-width: 840px) 100vw, 840px\" \/>\t\t\t\t\t\t\t\t\t\t\t\t\t\t\t<\/div>\n\t\t\t\t<\/div>\n\t\t\t\t\t<\/div>\n\t\t<\/div>\n\t\t\t\t<div class=\"elementor-column elementor-col-50 elementor-top-column elementor-element elementor-element-8c96dc5\" data-id=\"8c96dc5\" data-element_type=\"column\" data-e-type=\"column\" data-settings=\"{&quot;background_background&quot;:&quot;classic&quot;}\">\n\t\t\t<div class=\"elementor-widget-wrap elementor-element-populated\">\n\t\t\t\t\t\t<div class=\"elementor-element elementor-element-d30fc1d elementor-widget elementor-widget-heading\" data-id=\"d30fc1d\" data-element_type=\"widget\" data-e-type=\"widget\" data-widget_type=\"heading.default\">\n\t\t\t\t<div class=\"elementor-widget-container\">\n\t\t\t\t\t<h2 class=\"elementor-heading-title elementor-size-default\">Mensagem de boas vindas<\/h2>\t\t\t\t<\/div>\n\t\t\t\t<\/div>\n\t\t\t\t<div class=\"elementor-element elementor-element-2a7fa99d elementor-widget elementor-widget-text-editor\" data-id=\"2a7fa99d\" data-element_type=\"widget\" data-e-type=\"widget\" data-widget_type=\"text-editor.default\">\n\t\t\t\t<div class=\"elementor-widget-container\">\n\t\t\t\t\t\t\t\t\t<p>Bem vindos \u00e0 Overdulve Offshore Services (OOS International).<\/p><p>A OOS International possui uma variedade de ativos mar\u00edtimos avan\u00e7ados que oferecem um n\u00edvel excepcional de apoio \u00e0 ind\u00fastria de petr\u00f3leo e g\u00e1s, que v\u00e3o desde a administra\u00e7\u00e3o de navios, engenharia, manuten\u00e7\u00e3o e servi\u00e7os operacionais. Esta gama nos permite oferecer a nossos clientes servi\u00e7os integrados e concentrados em uma \u00fanica proposta.<\/p><p>\u00c9 motivo de orgulho nossa frota diferenciada, que oferece alojamento, movimenta\u00e7\u00e3o de carga pesada e solu\u00e7\u00f5es de descomissionamento com os mais altos padr\u00f5es tecnol\u00f3gicos e de seguran\u00e7a. De nossa sede em Villa Welgelegen em Serooskerke, Holanda, gerenciamos nossas opera\u00e7\u00f5es no exterior. Temos uma forte atua\u00e7\u00e3o internacional, com escrit\u00f3rios em v\u00e1rios pa\u00edses que servem como ponto focal para maior alcance no mercado offshore.<\/p><p>A OOS International valoriza a sustentabilidade ambiental, assegurando tecnologias modernas, solu\u00e7\u00f5es eficientes em energia e contribui\u00e7\u00e3o para a educa\u00e7\u00e3o, pesquisa e sa\u00fade dentro do nosso programa de responsabilidade social. Acreditamos que essa \u00e9 a nossa responsabilidade pelo desenvolvimento da sociedade global. O primordial para a OOS International \u00e9 a seguran\u00e7a e qualidade de todas as pessoas e do meio ambiente. N\u00f3s investimos em nossa equipe para fortalecer a capacidade e o suporte fundamentais para alcan\u00e7armos resultados efetivos em nosso plano de neg\u00f3cios.<\/p><p>Ter uma for\u00e7a de trabalho dedicada e motivada nos ajuda a oferecer servi\u00e7os confi\u00e1veis \u200b\u200ba nossos clientes. Nossa equipe altamente experiente e a excel\u00eancia no atendimento a nossos clientes, baseada no compromisso total, honestidade, pr\u00e1ticas comerciais justas e integridade, \u00e9 a chave para o nosso sucesso. Desenvolvimento cont\u00ednuo de recursos humanos e objetivos de longo prazo resultam em \u00f3timas rela\u00e7\u00f5es com nossos clientes, levando seus projetos a um n\u00edvel ainda mais alto.<\/p><p>Entre em contato com a OOS International para qualquer d\u00favida sobre nossa empresa, frota e servi\u00e7os \u2013 esperamos auxili\u00e1-lo em suas demandas de neg\u00f3cios. Encontre demais setores no link de contato acima.<\/p><p>L\u00e9on Overdulve<br \/>CEO<\/p>\t\t\t\t\t\t\t\t<\/div>\n\t\t\t\t<\/div>\n\t\t\t\t\t<\/div>\n\t\t<\/div>\n\t\t\t\t\t<\/div>\n\t\t<\/section>\n\t\t\t\t<section class=\"elementor-section elementor-top-section elementor-element elementor-element-3d19a97e elementor-section-stretched elementor-section-height-min-height elementor-section-boxed elementor-section-height-default elementor-section-items-middle\" data-id=\"3d19a97e\" data-element_type=\"section\" data-e-type=\"section\" data-settings=\"{&quot;stretch_section&quot;:&quot;section-stretched&quot;,&quot;background_background&quot;:&quot;classic&quot;}\">\n\t\t\t\t\t\t<div class=\"elementor-container elementor-column-gap-default\">\n\t\t\t\t\t<div class=\"elementor-column elementor-col-100 elementor-top-column elementor-element elementor-element-310cf1d5\" data-id=\"310cf1d5\" data-element_type=\"column\" data-e-type=\"column\">\n\t\t\t<div class=\"elementor-widget-wrap\">\n\t\t\t\t\t\t\t<\/div>\n\t\t<\/div>\n\t\t\t\t\t<\/div>\n\t\t<\/section>\n\t\t\t\t<\/div>","protected":false},"excerpt":{"rendered":"<p>Welcome Message Welcome to Overdulve Offshore Services (OOS International). OOS International owns a variety of advanced marine assets offering an exceptional level of support to the oil and gas industry, ranging from ship management, engineering, maintenance and operational services. This range enables us to deliver customers with a single service or a one-stop-shop offer. We [&hellip;]<\/p>\n","protected":false},"author":1,"featured_media":0,"parent":0,"menu_order":0,"comment_status":"closed","ping_status":"closed","template":"","meta":{"_monsterinsights_skip_tracking":false,"_monsterinsights_sitenote_active":false,"_monsterinsights_sitenote_note":"","_monsterinsights_sitenote_category":0,"ocean_post_layout":"full-screen","ocean_both_sidebars_style":"","ocean_both_sidebars_content_width":0,"ocean_both_sidebars_sidebars_width":0,"ocean_sidebar":"0","ocean_second_sidebar":"0","ocean_disable_margins":"enable","ocean_add_body_class":"","ocean_shortcode_before_top_bar":"","ocean_shortcode_after_top_bar":"","ocean_shortcode_before_header":"","ocean_shortcode_after_header":"","ocean_has_shortcode":"","ocean_shortcode_after_title":"","ocean_shortcode_before_footer_widgets":"","ocean_shortcode_after_footer_widgets":"","ocean_shortcode_before_footer_bottom":"","ocean_shortcode_after_footer_bottom":"","ocean_display_top_bar":"default","ocean_display_header":"default","ocean_header_style":"custom","ocean_center_header_left_menu":"0","ocean_custom_header_template":"37","ocean_custom_logo":0,"ocean_custom_retina_logo":0,"ocean_custom_logo_max_width":0,"ocean_custom_logo_tablet_max_width":0,"ocean_custom_logo_mobile_max_width":0,"ocean_custom_logo_max_height":0,"ocean_custom_logo_tablet_max_height":0,"ocean_custom_logo_mobile_max_height":0,"ocean_header_custom_menu":"0","ocean_menu_typo_font_family":"0","ocean_menu_typo_font_subset":"","ocean_menu_typo_font_size":0,"ocean_menu_typo_font_size_tablet":0,"ocean_menu_typo_font_size_mobile":0,"ocean_menu_typo_font_size_unit":"px","ocean_menu_typo_font_weight":"","ocean_menu_typo_font_weight_tablet":"","ocean_menu_typo_font_weight_mobile":"","ocean_menu_typo_transform":"","ocean_menu_typo_transform_tablet":"","ocean_menu_typo_transform_mobile":"","ocean_menu_typo_line_height":0,"ocean_menu_typo_line_height_tablet":0,"ocean_menu_typo_line_height_mobile":0,"ocean_menu_typo_line_height_unit":"","ocean_menu_typo_spacing":0,"ocean_menu_typo_spacing_tablet":0,"ocean_menu_typo_spacing_mobile":0,"ocean_menu_typo_spacing_unit":"","ocean_menu_link_color":"","ocean_menu_link_color_hover":"","ocean_menu_link_color_active":"","ocean_menu_link_background":"","ocean_menu_link_hover_background":"","ocean_menu_link_active_background":"","ocean_menu_social_links_bg":"","ocean_menu_social_hover_links_bg":"","ocean_menu_social_links_color":"","ocean_menu_social_hover_links_color":"","ocean_disable_title":"default","ocean_disable_heading":"default","ocean_post_title":"","ocean_post_subheading":"","ocean_post_title_style":"","ocean_post_title_background_color":"","ocean_post_title_background":0,"ocean_post_title_bg_image_position":"","ocean_post_title_bg_image_attachment":"","ocean_post_title_bg_image_repeat":"","ocean_post_title_bg_image_size":"","ocean_post_title_height":0,"ocean_post_title_bg_overlay":0.5,"ocean_post_title_bg_overlay_color":"","ocean_disable_breadcrumbs":"default","ocean_breadcrumbs_color":"","ocean_breadcrumbs_separator_color":"","ocean_breadcrumbs_links_color":"","ocean_breadcrumbs_links_hover_color":"","ocean_display_footer_widgets":"default","ocean_display_footer_bottom":"default","ocean_custom_footer_template":"163","footnotes":""},"class_list":["post-267","page","type-page","status-publish","hentry","entry"],"_links":{"self":[{"href":"https:\/\/www.oosenergy.com\/pt\/wp-json\/wp\/v2\/pages\/267","targetHints":{"allow":["GET"]}}],"collection":[{"href":"https:\/\/www.oosenergy.com\/pt\/wp-json\/wp\/v2\/pages"}],"about":[{"href":"https:\/\/www.oosenergy.com\/pt\/wp-json\/wp\/v2\/types\/page"}],"author":[{"embeddable":true,"href":"https:\/\/www.oosenergy.com\/pt\/wp-json\/wp\/v2\/users\/1"}],"replies":[{"embeddable":true,"href":"https:\/\/www.oosenergy.com\/pt\/wp-json\/wp\/v2\/comments?post=267"}],"version-history":[{"count":5,"href":"https:\/\/www.oosenergy.com\/pt\/wp-json\/wp\/v2\/pages\/267\/revisions"}],"predecessor-version":[{"id":6954,"href":"https:\/\/www.oosenergy.com\/pt\/wp-json\/wp\/v2\/pages\/267\/revisions\/6954"}],"wp:attachment":[{"href":"https:\/\/www.oosenergy.com\/pt\/wp-json\/wp\/v2\/media?parent=267"}],"curies":[{"name":"wp","href":"https:\/\/api.w.org\/{rel}","templated":true}]}}